{"id":99,"date":"2019-11-18T21:41:16","date_gmt":"2019-11-18T20:41:16","guid":{"rendered":"http:\/\/ec2-35-180-31-220.eu-west-3.compute.amazonaws.com\/blog\/?page_id=99"},"modified":"2024-04-08T19:13:13","modified_gmt":"2024-04-08T18:13:13","slug":"aviso-legal","status":"publish","type":"page","link":"https:\/\/iunneabogados.com\/index.php\/aviso-legal\/","title":{"rendered":"Aviso legal"},"content":{"rendered":"<h4>Identificaci\u00f3n y Titularidad<\/h4>\n<p>En cumplimiento del art\u00edculo 10 de la Ley 34\/2002, de 11 de julio, de Servicios de la Sociedad de la Informaci\u00f3n y Comercio Electr\u00f3nico, el Titular expone sus datos identificativos.<\/p>\n<p>Titulares: EVA RODR\u00cdGUEZ QUEJIDO<\/p>\n<p>NIF: 51067413-F<\/p>\n<p>Domicilio: CAMINO DE MONTORO, 29, 28055 MADRID &#8211; ESPA\u00d1A.<\/p>\n<p>Correo electr\u00f3nico: <a href=\"mailto:info@iunneabogados.com\">info@iunneabogados.com<\/a><\/p>\n<p>Sitio Web: <a href=\"http:\/\/www.iunneabogados.com\/\">www.iunneabogados.com<\/a><\/p>\n<h4>Finalidad<\/h4>\n<p>La finalidad del sitio Web <a href=\"http:\/\/www.iunneabogados.com\/\">www.iunneabogados.com<\/a> es asesor\u00eda y prestaci\u00f3n de servicios legales.<\/p>\n<h4>Condiciones de Uso<\/h4>\n<p>La utilizaci\u00f3n del sitio Web otorga la condici\u00f3n de usuario, e implica la aceptaci\u00f3n completa de todas las cl\u00e1usulas y condiciones de uso incluidas en las p\u00e1ginas:<\/p>\n<ul>\n<li><a href=\"http:\/\/iunneabogados.com\/index.php\/aviso-legal\/\">Aviso Legal<\/a><\/li>\n<li><a href=\"http:\/\/iunneabogados.com\/index.php\/politica-de-privacidad\/\">Pol\u00edtica de Privacidad<\/a><\/li>\n<li><a href=\"http:\/\/iunneabogados.com\/index.php\/politica-de-cookies\/\">Pol\u00edtica de Cookies<\/a><\/li>\n<\/ul>\n<p>En caso de no estar conforme con todas y cada una de estas cl\u00e1usulas y condiciones el usuario debe abstenerse de utilizar este sitio Web.<\/p>\n<p>El acceso a este sitio Web no supone, en modo alguno, el inicio de una relaci\u00f3n comercial\/contractual con las Titulares.<\/p>\n<p>A trav\u00e9s de este sitio Web, las Titulares facilitan el acceso y la utilizaci\u00f3n de diversos contenidos que las Titulares o sus colaboradores han publicado por medio de Internet. A tal efecto, el usuario se compromete a no utilizar cualquiera de los contenidos del sitio Web con fines o efectos il\u00edcitos, prohibidos en este Aviso Legal o por la legislaci\u00f3n vigente, lesivos de los derechos e intereses de terceros, o que de cualquier forma puedan da\u00f1ar, inutilizar, sobrecargar, deteriorar o impedir la normal utilizaci\u00f3n de los contenidos, los equipos inform\u00e1ticos o los documentos, archivos y toda clase de contenidos almacenados en cualquier equipo inform\u00e1tico propios o contratados por el Titular, de otros usuarios o de cualquier usuario de Internet.<\/p>\n<h4>Medidas de seguridad<\/h4>\n<p>Los datos personales que se faciliten las Titulares pueden ser almacenados en bases de datos automatizadas o no, cuya titularidad corresponde en exclusiva a las Titulares, siendo estas quienes asumen todas las medidas de \u00edndole t\u00e9cnica, organizativa y de seguridad que garantizan la confidencialidad, integridad y calidad de la informaci\u00f3n contenida en las mismas de acuerdo con lo establecido en la normativa vigente en protecci\u00f3n de datos.<\/p>\n<p>No obstante, el usuario debe ser consciente de que las medidas de seguridad de los sistemas inform\u00e1ticos en Internet no son enteramente fiables y que, por tanto las Titulares no pueden garantizar la inexistencia de virus u otros elementos que puedan producir alteraciones en los sistemas inform\u00e1ticos (software y hardware) del usuario o en sus documentos electr\u00f3nicos y ficheros contenidos en los mismos aunque las Titulares ponen todos los medios necesarios y toma las medidas de seguridad oportunas para evitar la presencia de estos elementos da\u00f1inos.<\/p>\n<h4>Datos personales<\/h4>\n<p>Puede consultar toda la informaci\u00f3n relativa al tratamiento de datos personales que recoge el Titular en la p\u00e1gina de <a href=\"http:\/\/iunneabogados.com\/index.php\/politica-de-privacidad\/\">Pol\u00edtica de Privacidad<\/a>.<\/p>\n<h4>Contenidos<\/h4>\n<p>Las Titulares han obtenido la informaci\u00f3n, el contenido multimedia y los materiales incluidos en el sitio Web de fuentes que considera fiables, pero, si bien ha tomado todas las medidas razonables para asegurar que la informaci\u00f3n contenida es correcta, no garantizan que sea exacta, completa o actualizada. Las Titulares declinan expresamente cualquier responsabilidad por error u omisi\u00f3n en la informaci\u00f3n contenida en las p\u00e1ginas de este sitio Web.<\/p>\n<p>Queda prohibido transmitir o enviar a trav\u00e9s del sitio Web cualquier contenido ilegal o il\u00edcito, virus inform\u00e1ticos, o mensajes que, en general, afecten o violen derechos de las Titulares o de terceros.<\/p>\n<p>Los contenidos de <a href=\"http:\/\/www.iunneabogados.com\/\">www.iunneabogados.com<\/a> tienen \u00fanicamente una finalidad informativa y en ning\u00fan caso deben usarse ni considerarse como oferta de venta, solicitud de una oferta de compra ni recomendaci\u00f3n para realizar cualquier otra operaci\u00f3n, salvo que as\u00ed\u00ad se indique expresamente.<\/p>\n<p>Las Titulares se reservan el derecho a modificar, suspender, cancelar o restringir el contenido de <a href=\"http:\/\/www.iunneabogados.com\/\">www.iunneabogados.com<\/a>, los v\u00ed\u00adnculos o la informaci\u00f3n obtenida a trav\u00e9s del sitio Web, sin necesidad de previo aviso.<\/p>\n<p>Asimismo, las Titulares no son responsables de los da\u00f1os y perjuicios que pudieran derivarse de la utilizaci\u00f3n de la informaci\u00f3n del sitio Web o de la contenida en las redes sociales de estas.<\/p>\n<h4>Pol\u00edtica de cookies<\/h4>\n<p>En la p\u00e1gina <a href=\"http:\/\/iunneabogados.com\/index.php\/politica-de-cookies\/\">Pol\u00edtica de Cookies<\/a> puede consultar toda la informaci\u00f3n relativa a la pol\u00edtica de recogida y tratamiento de las cookies.<\/p>\n<h4>Enlaces a otros sitios Web<\/h4>\n<p>Las Titulares pueden proporcionar acceso a sitios Web de terceros mediante enlaces con la finalidad exclusiva de dar a conocer la existencia de otras fuentes de informaci\u00f3n en Internet a trav\u00e9s de las que el usuario podr\u00ed\u00ada ampliar los datos ofrecidos en el sitio Web.<\/p>\n<p>Estos enlaces a otros sitios Web no suponen en ning\u00fan caso una sugerencia o recomendaci\u00f3n para que el usuario visite las p\u00e1ginas web de destino, que est\u00e1n fuera del control de las Titulares, por lo que no son responsables del contenido de los sitios web vinculados ni del resultado que se obtengan al seguir los enlaces.<\/p>\n<p>Asimismo, las Titulares no responden de los links o enlaces ubicados en los sitios web vinculados a los que se proporciona acceso.<\/p>\n<p>El establecimiento del enlace no implica en ning\u00fan caso la existencia de relaciones entre las Titulares y el propietario del sitio en el que se establezca el enlace, ni la aceptaci\u00f3n o aprobaci\u00f3n por parte de las Titulares de sus contenidos o servicios.<\/p>\n<p>Si se accede a un sitio Web externo desde un enlace que encuentre en <a href=\"http:\/\/www.iunneabogados.com\/\">www.iunneabogados.com<\/a> deber\u00e1 leer la propia pol\u00edtica de privacidad del otro sitio web, que puede ser diferente de la de este sitio Web.<\/p>\n<h4>Propiedad intelectual e industrial<\/h4>\n<p>Todos los derechos est\u00e1n reservados.<\/p>\n<p>Todo acceso a este sitio Web est\u00e1 sujeto a las siguientes condiciones: la reproducci\u00f3n, almacenaje permanente y la difusi\u00f3n de los contenidos o cualquier otro uso que tenga finalidad p\u00fablica o comercial queda expresamente prohibida sin el consentimiento previo expreso y por escrito de las Titulares.<\/p>\n<h4>Limitaci\u00f3n de responsabilidad<\/h4>\n<p>La informaci\u00f3n y servicios incluidos o disponibles a trav\u00e9s de este sitio Web pueden incluir incorrecciones o errores tipogr\u00e1ficos. De forma peri\u00f3dica las Titulares incorporan mejoras y\/o cambios a la informaci\u00f3n contenida y\/o los Servicios que puede introducir en cualquier momento.<\/p>\n<p>Las Titulares no declaran ni garantizan que los servicios o contenidos sean interrumpidos o que est\u00e9n libres de errores, que los defectos sean corregidos, o que el servicio o el servidor que lo pone a disposici\u00f3n est\u00e9n libres de virus u otros componentes nocivos sin perjuicio de que las Titulares realizan todos los esfuerzos en evitar este tipo de incidentes.<\/p>\n<p>Las Titulares declinan cualquier responsabilidad en caso de que existan interrupciones o un mal funcionamiento de los Servicios o contenidos ofrecidos en Internet, cualquiera que sea su causa. Asimismo, las Titulares no se hacen responsables por ca\u00eddas de la red, p\u00e9rdidas de negocio a consecuencia de dichas ca\u00eddas, suspensiones temporales de fluido el\u00e9ctrico o cualquier otro tipo de da\u00f1o indirecto que te pueda ser causado por causas ajenas a las Titulares.<\/p>\n<p>Antes de tomar decisiones y\/o acciones con base a la informaci\u00f3n incluida en el sitio Web, las Titulares recomiendan comprobar y contrastar la informaci\u00f3n recibida con otras fuentes.<\/p>\n<h4>Jurisdicci\u00f3n<\/h4>\n<p>Este Aviso Legal se rige \u00ed\u00adntegramente por la legislaci\u00f3n espa\u00f1ola.<\/p>\n<p>Siempre que no haya una norma que obligue a otra cosa, para cuantas cuestiones se susciten sobre la interpretaci\u00f3n, aplicaci\u00f3n y cumplimiento de este Aviso Legal, as\u00c3\u00ad como de las reclamaciones que puedan derivarse de su uso, las partes acuerdan someterse a los Jueces y Tribunales de la provincia de Madrid, con renuncia expresa de cualquier otra jurisdicci\u00f3n que pudiera corresponderles.<\/p>\n<h4>Contacto<\/h4>\n<p>En caso de que tengas cualquier duda acerca de estas Condiciones legales o quieras realizar cualquier comentario sobre este sitio Web, puedes enviar un mensaje de correo electr\u00f3nico a la direcci\u00f3n <a href=\"mailto:info@iunneabogados.com\">info@iunneabogados.com<\/a><\/p>\n","protected":false},"excerpt":{"rendered":"<p>Identificaci\u00f3n y Titularidad En cumplimiento del art\u00edculo 10 de la Ley 34\/2002, de 11 de julio, de Servicios de la Sociedad de la Informaci\u00f3n y Comercio Electr\u00f3nico, el Titular expone sus datos identificativos. Titulares: EVA RODR\u00cdGUEZ QUEJIDO NIF: 51067413-F Domicilio: CAMINO DE MONTORO, 29, 28055 MADRID &#8211; ESPA\u00d1A. Correo electr\u00f3nico: info@iunneabogados.com Sitio Web: www.iunneabogados.com Finalidad &hellip; <\/p>\n<p class=\"link-more\"><a href=\"https:\/\/iunneabogados.com\/index.php\/aviso-legal\/\" class=\"more-link\">Continuar leyendo<span class=\"screen-reader-text\"> \u00abAviso legal\u00bb<\/span><\/a><\/p>\n","protected":false},"author":1,"featured_media":0,"parent":0,"menu_order":0,"comment_status":"closed","ping_status":"closed","template":"","meta":{"footnotes":""},"class_list":["post-99","page","type-page","status-publish","hentry"],"yoast_head":"<!-- This site is optimized with the Yoast SEO plugin v22.5 - https:\/\/yoast.com\/wordpress\/plugins\/seo\/ -->\n<title>Aviso legal - iunne abogados Madrid<\/title>\n<meta name=\"description\" content=\"La finalidad del sitio Web es asesor\u00c3\u00ada y prestaci\u00c3\u00b3n de servicios legales. En cumplimiento con la legislaci\u00c3\u00b3n vigente recogemos el siguiente aviso legal.\" \/>\n<meta name=\"robots\" content=\"index, follow, max-snippet:-1, max-image-preview:large, max-video-preview:-1\" \/>\n<link rel=\"canonical\" href=\"https:\/\/iunneabogados.com\/index.php\/aviso-legal\/\" \/>\n<meta property=\"og:locale\" content=\"es_ES\" \/>\n<meta property=\"og:type\" content=\"article\" \/>\n<meta property=\"og:title\" content=\"Aviso legal - iunne abogados Madrid\" \/>\n<meta property=\"og:description\" content=\"La finalidad del sitio Web es asesor\u00c3\u00ada y prestaci\u00c3\u00b3n de servicios legales. En cumplimiento con la legislaci\u00c3\u00b3n vigente recogemos el siguiente aviso legal.\" \/>\n<meta property=\"og:url\" content=\"https:\/\/iunneabogados.com\/index.php\/aviso-legal\/\" \/>\n<meta property=\"og:site_name\" content=\"iunne\" \/>\n<meta property=\"article:publisher\" content=\"https:\/\/www.facebook.com\/iunneabogados\/\" \/>\n<meta property=\"article:modified_time\" content=\"2024-04-08T18:13:13+00:00\" \/>\n<meta name=\"twitter:card\" content=\"summary_large_image\" \/>\n<meta name=\"twitter:site\" content=\"@AbogadosIunne\" \/>\n<meta name=\"twitter:label1\" content=\"Tiempo de lectura\" \/>\n\t<meta name=\"twitter:data1\" content=\"6 minutos\" \/>\n<script type=\"application\/ld+json\" class=\"yoast-schema-graph\">{\"@context\":\"https:\/\/schema.org\",\"@graph\":[{\"@type\":\"WebPage\",\"@id\":\"https:\/\/iunneabogados.com\/index.php\/aviso-legal\/\",\"url\":\"https:\/\/iunneabogados.com\/index.php\/aviso-legal\/\",\"name\":\"Aviso legal - iunne abogados Madrid\",\"isPartOf\":{\"@id\":\"https:\/\/iunneabogados.com\/#website\"},\"datePublished\":\"2019-11-18T20:41:16+00:00\",\"dateModified\":\"2024-04-08T18:13:13+00:00\",\"description\":\"La finalidad del sitio Web es asesor\u00c3\u00ada y prestaci\u00c3\u00b3n de servicios legales. En cumplimiento con la legislaci\u00c3\u00b3n vigente recogemos el siguiente aviso legal.\",\"breadcrumb\":{\"@id\":\"https:\/\/iunneabogados.com\/index.php\/aviso-legal\/#breadcrumb\"},\"inLanguage\":\"es\",\"potentialAction\":[{\"@type\":\"ReadAction\",\"target\":[\"https:\/\/iunneabogados.com\/index.php\/aviso-legal\/\"]}]},{\"@type\":\"BreadcrumbList\",\"@id\":\"https:\/\/iunneabogados.com\/index.php\/aviso-legal\/#breadcrumb\",\"itemListElement\":[{\"@type\":\"ListItem\",\"position\":1,\"name\":\"Portada\",\"item\":\"https:\/\/iunneabogados.com\/\"},{\"@type\":\"ListItem\",\"position\":2,\"name\":\"Aviso legal\"}]},{\"@type\":\"WebSite\",\"@id\":\"https:\/\/iunneabogados.com\/#website\",\"url\":\"https:\/\/iunneabogados.com\/\",\"name\":\"iunne\",\"description\":\"TRANQUILIDAD JUR\u00cdDICA\",\"publisher\":{\"@id\":\"https:\/\/iunneabogados.com\/#organization\"},\"potentialAction\":[{\"@type\":\"SearchAction\",\"target\":{\"@type\":\"EntryPoint\",\"urlTemplate\":\"https:\/\/iunneabogados.com\/?s={search_term_string}\"},\"query-input\":\"required name=search_term_string\"}],\"inLanguage\":\"es\"},{\"@type\":\"Organization\",\"@id\":\"https:\/\/iunneabogados.com\/#organization\",\"name\":\"iunne\",\"url\":\"https:\/\/iunneabogados.com\/\",\"logo\":{\"@type\":\"ImageObject\",\"inLanguage\":\"es\",\"@id\":\"https:\/\/iunneabogados.com\/#\/schema\/logo\/image\/\",\"url\":\"https:\/\/iunneabogados.com\/wp-content\/uploads\/2019\/12\/logo_iunne.png\",\"contentUrl\":\"https:\/\/iunneabogados.com\/wp-content\/uploads\/2019\/12\/logo_iunne.png\",\"width\":118,\"height\":119,\"caption\":\"iunne\"},\"image\":{\"@id\":\"https:\/\/iunneabogados.com\/#\/schema\/logo\/image\/\"},\"sameAs\":[\"https:\/\/www.facebook.com\/iunneabogados\/\",\"https:\/\/x.com\/AbogadosIunne\",\"https:\/\/www.instagram.com\/iunneabogados\/\",\"https:\/\/www.linkedin.com\/company\/iunne-abogados\/about\/\"]}]}<\/script>\n<!-- \/ Yoast SEO plugin. -->","yoast_head_json":{"title":"Aviso legal - iunne abogados Madrid","description":"La finalidad del sitio Web es asesor\u00c3\u00ada y prestaci\u00c3\u00b3n de servicios legales. En cumplimiento con la legislaci\u00c3\u00b3n vigente recogemos el siguiente aviso legal.","robots":{"index":"index","follow":"follow","max-snippet":"max-snippet:-1","max-image-preview":"max-image-preview:large","max-video-preview":"max-video-preview:-1"},"canonical":"https:\/\/iunneabogados.com\/index.php\/aviso-legal\/","og_locale":"es_ES","og_type":"article","og_title":"Aviso legal - iunne abogados Madrid","og_description":"La finalidad del sitio Web es asesor\u00c3\u00ada y prestaci\u00c3\u00b3n de servicios legales. En cumplimiento con la legislaci\u00c3\u00b3n vigente recogemos el siguiente aviso legal.","og_url":"https:\/\/iunneabogados.com\/index.php\/aviso-legal\/","og_site_name":"iunne","article_publisher":"https:\/\/www.facebook.com\/iunneabogados\/","article_modified_time":"2024-04-08T18:13:13+00:00","twitter_card":"summary_large_image","twitter_site":"@AbogadosIunne","twitter_misc":{"Tiempo de lectura":"6 minutos"},"schema":{"@context":"https:\/\/schema.org","@graph":[{"@type":"WebPage","@id":"https:\/\/iunneabogados.com\/index.php\/aviso-legal\/","url":"https:\/\/iunneabogados.com\/index.php\/aviso-legal\/","name":"Aviso legal - iunne abogados Madrid","isPartOf":{"@id":"https:\/\/iunneabogados.com\/#website"},"datePublished":"2019-11-18T20:41:16+00:00","dateModified":"2024-04-08T18:13:13+00:00","description":"La finalidad del sitio Web es asesor\u00c3\u00ada y prestaci\u00c3\u00b3n de servicios legales. En cumplimiento con la legislaci\u00c3\u00b3n vigente recogemos el siguiente aviso legal.","breadcrumb":{"@id":"https:\/\/iunneabogados.com\/index.php\/aviso-legal\/#breadcrumb"},"inLanguage":"es","potentialAction":[{"@type":"ReadAction","target":["https:\/\/iunneabogados.com\/index.php\/aviso-legal\/"]}]},{"@type":"BreadcrumbList","@id":"https:\/\/iunneabogados.com\/index.php\/aviso-legal\/#breadcrumb","itemListElement":[{"@type":"ListItem","position":1,"name":"Portada","item":"https:\/\/iunneabogados.com\/"},{"@type":"ListItem","position":2,"name":"Aviso legal"}]},{"@type":"WebSite","@id":"https:\/\/iunneabogados.com\/#website","url":"https:\/\/iunneabogados.com\/","name":"iunne","description":"TRANQUILIDAD JUR\u00cdDICA","publisher":{"@id":"https:\/\/iunneabogados.com\/#organization"},"potentialAction":[{"@type":"SearchAction","target":{"@type":"EntryPoint","urlTemplate":"https:\/\/iunneabogados.com\/?s={search_term_string}"},"query-input":"required name=search_term_string"}],"inLanguage":"es"},{"@type":"Organization","@id":"https:\/\/iunneabogados.com\/#organization","name":"iunne","url":"https:\/\/iunneabogados.com\/","logo":{"@type":"ImageObject","inLanguage":"es","@id":"https:\/\/iunneabogados.com\/#\/schema\/logo\/image\/","url":"https:\/\/iunneabogados.com\/wp-content\/uploads\/2019\/12\/logo_iunne.png","contentUrl":"https:\/\/iunneabogados.com\/wp-content\/uploads\/2019\/12\/logo_iunne.png","width":118,"height":119,"caption":"iunne"},"image":{"@id":"https:\/\/iunneabogados.com\/#\/schema\/logo\/image\/"},"sameAs":["https:\/\/www.facebook.com\/iunneabogados\/","https:\/\/x.com\/AbogadosIunne","https:\/\/www.instagram.com\/iunneabogados\/","https:\/\/www.linkedin.com\/company\/iunne-abogados\/about\/"]}]}},"_links":{"self":[{"href":"https:\/\/iunneabogados.com\/index.php\/wp-json\/wp\/v2\/pages\/99","targetHints":{"allow":["GET"]}}],"collection":[{"href":"https:\/\/iunneabogados.com\/index.php\/wp-json\/wp\/v2\/pages"}],"about":[{"href":"https:\/\/iunneabogados.com\/index.php\/wp-json\/wp\/v2\/types\/page"}],"author":[{"embeddable":true,"href":"https:\/\/iunneabogados.com\/index.php\/wp-json\/wp\/v2\/users\/1"}],"replies":[{"embeddable":true,"href":"https:\/\/iunneabogados.com\/index.php\/wp-json\/wp\/v2\/comments?post=99"}],"version-history":[{"count":11,"href":"https:\/\/iunneabogados.com\/index.php\/wp-json\/wp\/v2\/pages\/99\/revisions"}],"predecessor-version":[{"id":389,"href":"https:\/\/iunneabogados.com\/index.php\/wp-json\/wp\/v2\/pages\/99\/revisions\/389"}],"wp:attachment":[{"href":"https:\/\/iunneabogados.com\/index.php\/wp-json\/wp\/v2\/media?parent=99"}],"curies":[{"name":"wp","href":"https:\/\/api.w.org\/{rel}","templated":true}]}}