{"id":95,"date":"2019-11-18T21:24:40","date_gmt":"2019-11-18T20:24:40","guid":{"rendered":"http:\/\/ec2-35-180-31-220.eu-west-3.compute.amazonaws.com\/blog\/?page_id=95"},"modified":"2024-04-08T19:39:41","modified_gmt":"2024-04-08T18:39:41","slug":"politica-de-privacidad","status":"publish","type":"page","link":"https:\/\/iunneabogados.com\/index.php\/politica-de-privacidad\/","title":{"rendered":"Pol\u00edtica de privacidad"},"content":{"rendered":"<p>IUNNE ABOGADOS, en aplicaci\u00f3n de la normativa vigente en materia de protecci\u00f3n de datos de car\u00e1cter personal, informa que los datos personales que se recogen a trav\u00e9s de los formularios del Sitio web: <a href=\"https:\/\/iunneabogados.com\">www.iunneabogados.com<\/a>, se incluyen en los registros de IUNNE ABOGADOS.<\/p>\n<p>La recogida y tratamiento automatizado de los datos de car\u00e1cter personal tiene como finalidad el mantenimiento de la relaci\u00f3n comercial y el desempe\u00f1o de tareas de informaci\u00f3n, formaci\u00f3n, asesoramiento y otras actividades propias de IUNNE ABOGADOS.<\/p>\n<p>Estos datos \u00fanicamente ser\u00e1n cedidos a aquellas entidades que sean necesarias con el \u00fanico objetivo de dar cumplimiento a la finalidad anteriormente expuesta.<\/p>\n<p>IUNNE ABOGADOS adopta las medidas necesarias para garantizar la seguridad, integridad y confidencialidad de los datos conforme a lo dispuesto en el Reglamento (UE) 2016\/679 del Parlamento Europeo y del Consejo, de 27 de abril de 2016, relativo a la protecci\u00f3n de las personas f\u00edsicas en lo que respecta al tratamiento de datos personales y a la libre circulaci\u00f3n de estos.<\/p>\n<p>El usuario podr\u00e1 en cualquier momento ejercitar los derechos de acceso, rectificaci\u00f3n, supresi\u00f3n, oposici\u00f3n, limitaci\u00f3n del tratamiento, limitaci\u00f3n de decisiones individuales automatizadas y portabilidad reconocidos en el citado Reglamento (UE).<\/p>\n<p>El ejercicio de estos derechos puede realizarlo el propio usuario a trav\u00e9s de email a: <a href=\"mailto:info@iunneabogados.com\">info@iunneabogados.com<\/a> o en la direcci\u00f3n: <a href=\"https:\/\/iunneabogados.com\">www.iunneabogados.com<\/a>.<\/p>\n<p>Podr\u00e1 hacer uso de los siguientes formularios para poder ejercitar sus derechos de una manera m\u00e1s f\u00e1cil. Puede descargarlos pulsando aqu\u00ed. [ADJUNTAR FORMULARIOS. Anexo documento \u00abDERECHOS DE LOS INTERESADOS\u00bb].<\/p>\n<p>Adicionalmente, puede presentar una reclamaci\u00f3n ante la Agencia Espa\u00f1ola de Protecci\u00f3n de Datos (AEPD). M\u00e1s informaci\u00f3n en el Apartado VII del presente documento.<\/p>\n<p>El usuario manifiesta que todos los datos facilitados por \u00e9l son ciertos y correctos, y se compromete a mantenerlos actualizados, comunicando los cambios a <a href=\"mailto:info@iunneabogados.com\">info@iunneabogados.com<\/a> .<\/p>\n<h4>Finalidad del tratamiento de los datos personales:<\/h4>\n<h6>\u00c2\u00bfCon qu\u00e9 finalidad trataremos tus datos personales?<\/h6>\n<p>En IUNNE ABOGADOS, trataremos tus datos personales recabados a trav\u00e9s del Sitio Web: <a href=\"https:\/\/iunneabogados.com\">www.iunneabogados.com<\/a>, con las siguientes finalidades:<br \/>\n1. En caso de contrataci\u00f3n de los bienes y servicios ofertados, para mantener la relaci\u00f3n contractual, as\u00ed como la gesti\u00f3n, administraci\u00f3n, informaci\u00f3n, prestaci\u00f3n y mejora del servicio.<br \/>\n2. Env\u00edo de informaci\u00f3n solicitada a trav\u00e9s de los formularios dispuestos en<br \/>\n<a href=\"https:\/\/iunneabogados.com\">www.iunneabogados.com<\/a><br \/>\n3. Remitir boletines (newsletters), as\u00ed como comunicaciones comerciales de<br \/>\npromociones y\/o publicidad de IUNNE ABOGADOS y del sector.<br \/>\nTe recordamos que puedes oponerte al env\u00edo de comunicaciones comerciales por cualquier v\u00eda y en cualquier momento, remitiendo un correo electr\u00f3nico a la direcci\u00f3n indicada anteriormente.<br \/>\nLos campos de dichos registros son de cumplimentaci\u00f3n obligatoria, siendo imposible realizar las finalidades expresadas si no se aportan esos datos.<\/p>\n<h6>\u00c2\u00bfPor cu\u00e1nto tiempo se conservan los datos personales recabados?<\/h6>\n<p>Los datos personales proporcionados se conservar\u00e1n mientras se mantenga la relaci\u00f3n comercial o no solicite su supresi\u00f3n y durante el plazo por el cu\u00e1l pudieran derivarse responsabilidades legales por los servicios prestados.<br \/>\nLegitimaci\u00f3n: El tratamiento de sus datos se realiza con las siguientes bases jur\u00eddicas que legitiman el mismo:<br \/>\n1. La solicitud de informaci\u00f3n y\/o la contrataci\u00f3n de los servicios de IUNNE ABOGADOS, cuyos t\u00e9rminos y condiciones se pondr\u00e1n a su disposici\u00f3n en todo caso, de forma previa a una eventual contrataci\u00f3n.<br \/>\n2. El consentimiento libre, espec\u00edfico, informado e inequ\u00edvoco, en tanto que le<br \/>\ninformamos poniendo a su disposici\u00f3n la presente pol\u00edtica de privacidad que, tras la lectura de esta, en caso de estar conforme, puede aceptar mediante una declaraci\u00f3n o una clara acci\u00f3n afirmativa, como el marcado de una casilla dispuesta al efecto.<br \/>\nEn caso de que no nos facilite sus datos o lo haga de forma err\u00f3nea o incompleta, no podremos atender su solicitud, resultando del todo imposible proporcionarle la informaci\u00f3n solicitada o llevar a cabo la contrataci\u00f3n de los servicios.<\/p>\n<h6>Destinatarios:<\/h6>\n<p>Los datos no se comunicar\u00e1n a ning\u00fan tercero ajeno a IUNNE ABOGADOS, salvo obligaci\u00f3n legal.<\/p>\n<h4>AUTORIDAD DE CONTROL<\/h4>\n<p>Desde IUNNE ABOGADOS ponemos el m\u00e1ximo empe\u00f1o para cumplir con la normativa de protecci\u00f3n de datos dado que es el activo m\u00e1s valioso para nosotros. No obstante, le informamos que en caso de que usted entienda que sus derechos se han visto menoscabados, puede presentar una reclamaci\u00f3n ante la <a href=\"http:\/\/www.agpd.es\/\">Agencia Espa\u00f1ola de Protecci\u00f3n de Datos<\/a> (AEPD), sita en C\/ Jorge Juan, 6. 28001 &#8211; Madrid. M\u00e1s informaci\u00f3n sobre la AEPD.<\/p>\n","protected":false},"excerpt":{"rendered":"<p>IUNNE ABOGADOS, en aplicaci\u00f3n de la normativa vigente en materia de protecci\u00f3n de datos de car\u00e1cter personal, informa que los datos personales que se recogen a trav\u00e9s de los formularios del Sitio web: www.iunneabogados.com, se incluyen en los registros de IUNNE ABOGADOS. La recogida y tratamiento automatizado de los datos de car\u00e1cter personal tiene como &hellip; <\/p>\n<p class=\"link-more\"><a href=\"https:\/\/iunneabogados.com\/index.php\/politica-de-privacidad\/\" class=\"more-link\">Continuar leyendo<span class=\"screen-reader-text\"> \u00abPol\u00edtica de privacidad\u00bb<\/span><\/a><\/p>\n","protected":false},"author":1,"featured_media":0,"parent":0,"menu_order":0,"comment_status":"closed","ping_status":"closed","template":"","meta":{"footnotes":""},"class_list":["post-95","page","type-page","status-publish","hentry"],"yoast_head":"<!-- This site is optimized with the Yoast SEO plugin v22.5 - https:\/\/yoast.com\/wordpress\/plugins\/seo\/ -->\n<title>Pol\u00edtica de privacidad - iunne abogados Madrid<\/title>\n<meta name=\"description\" content=\"iunne abogados informa que los datos personales que se recogen a trav\u00c3\u00a9s de los formularios del Sitio web se incluyen en los registros de iunne abogados.\" \/>\n<meta name=\"robots\" content=\"index, follow, max-snippet:-1, max-image-preview:large, max-video-preview:-1\" \/>\n<link rel=\"canonical\" href=\"https:\/\/iunneabogados.com\/index.php\/politica-de-privacidad\/\" \/>\n<meta property=\"og:locale\" content=\"es_ES\" \/>\n<meta property=\"og:type\" content=\"article\" \/>\n<meta property=\"og:title\" content=\"Pol\u00edtica de privacidad - iunne abogados Madrid\" \/>\n<meta property=\"og:description\" content=\"iunne abogados informa que los datos personales que se recogen a trav\u00c3\u00a9s de los formularios del Sitio web se incluyen en los registros de iunne abogados.\" \/>\n<meta property=\"og:url\" content=\"https:\/\/iunneabogados.com\/index.php\/politica-de-privacidad\/\" \/>\n<meta property=\"og:site_name\" content=\"iunne\" \/>\n<meta property=\"article:publisher\" content=\"https:\/\/www.facebook.com\/iunneabogados\/\" \/>\n<meta property=\"article:modified_time\" content=\"2024-04-08T18:39:41+00:00\" \/>\n<meta name=\"twitter:card\" content=\"summary_large_image\" \/>\n<meta name=\"twitter:site\" content=\"@AbogadosIunne\" \/>\n<meta name=\"twitter:label1\" content=\"Tiempo de lectura\" \/>\n\t<meta name=\"twitter:data1\" content=\"4 minutos\" \/>\n<script type=\"application\/ld+json\" class=\"yoast-schema-graph\">{\"@context\":\"https:\/\/schema.org\",\"@graph\":[{\"@type\":\"WebPage\",\"@id\":\"https:\/\/iunneabogados.com\/index.php\/politica-de-privacidad\/\",\"url\":\"https:\/\/iunneabogados.com\/index.php\/politica-de-privacidad\/\",\"name\":\"Pol\u00edtica de privacidad - iunne abogados Madrid\",\"isPartOf\":{\"@id\":\"https:\/\/iunneabogados.com\/#website\"},\"datePublished\":\"2019-11-18T20:24:40+00:00\",\"dateModified\":\"2024-04-08T18:39:41+00:00\",\"description\":\"iunne abogados informa que los datos personales que se recogen a trav\u00c3\u00a9s de los formularios del Sitio web se incluyen en los registros de iunne abogados.\",\"breadcrumb\":{\"@id\":\"https:\/\/iunneabogados.com\/index.php\/politica-de-privacidad\/#breadcrumb\"},\"inLanguage\":\"es\",\"potentialAction\":[{\"@type\":\"ReadAction\",\"target\":[\"https:\/\/iunneabogados.com\/index.php\/politica-de-privacidad\/\"]}]},{\"@type\":\"BreadcrumbList\",\"@id\":\"https:\/\/iunneabogados.com\/index.php\/politica-de-privacidad\/#breadcrumb\",\"itemListElement\":[{\"@type\":\"ListItem\",\"position\":1,\"name\":\"Portada\",\"item\":\"https:\/\/iunneabogados.com\/\"},{\"@type\":\"ListItem\",\"position\":2,\"name\":\"Pol\u00edtica de privacidad\"}]},{\"@type\":\"WebSite\",\"@id\":\"https:\/\/iunneabogados.com\/#website\",\"url\":\"https:\/\/iunneabogados.com\/\",\"name\":\"iunne\",\"description\":\"TRANQUILIDAD JUR\u00cdDICA\",\"publisher\":{\"@id\":\"https:\/\/iunneabogados.com\/#organization\"},\"potentialAction\":[{\"@type\":\"SearchAction\",\"target\":{\"@type\":\"EntryPoint\",\"urlTemplate\":\"https:\/\/iunneabogados.com\/?s={search_term_string}\"},\"query-input\":\"required name=search_term_string\"}],\"inLanguage\":\"es\"},{\"@type\":\"Organization\",\"@id\":\"https:\/\/iunneabogados.com\/#organization\",\"name\":\"iunne\",\"url\":\"https:\/\/iunneabogados.com\/\",\"logo\":{\"@type\":\"ImageObject\",\"inLanguage\":\"es\",\"@id\":\"https:\/\/iunneabogados.com\/#\/schema\/logo\/image\/\",\"url\":\"https:\/\/iunneabogados.com\/wp-content\/uploads\/2019\/12\/logo_iunne.png\",\"contentUrl\":\"https:\/\/iunneabogados.com\/wp-content\/uploads\/2019\/12\/logo_iunne.png\",\"width\":118,\"height\":119,\"caption\":\"iunne\"},\"image\":{\"@id\":\"https:\/\/iunneabogados.com\/#\/schema\/logo\/image\/\"},\"sameAs\":[\"https:\/\/www.facebook.com\/iunneabogados\/\",\"https:\/\/x.com\/AbogadosIunne\",\"https:\/\/www.instagram.com\/iunneabogados\/\",\"https:\/\/www.linkedin.com\/company\/iunne-abogados\/about\/\"]}]}<\/script>\n<!-- \/ Yoast SEO plugin. -->","yoast_head_json":{"title":"Pol\u00edtica de privacidad - iunne abogados Madrid","description":"iunne abogados informa que los datos personales que se recogen a trav\u00c3\u00a9s de los formularios del Sitio web se incluyen en los registros de iunne abogados.","robots":{"index":"index","follow":"follow","max-snippet":"max-snippet:-1","max-image-preview":"max-image-preview:large","max-video-preview":"max-video-preview:-1"},"canonical":"https:\/\/iunneabogados.com\/index.php\/politica-de-privacidad\/","og_locale":"es_ES","og_type":"article","og_title":"Pol\u00edtica de privacidad - iunne abogados Madrid","og_description":"iunne abogados informa que los datos personales que se recogen a trav\u00c3\u00a9s de los formularios del Sitio web se incluyen en los registros de iunne abogados.","og_url":"https:\/\/iunneabogados.com\/index.php\/politica-de-privacidad\/","og_site_name":"iunne","article_publisher":"https:\/\/www.facebook.com\/iunneabogados\/","article_modified_time":"2024-04-08T18:39:41+00:00","twitter_card":"summary_large_image","twitter_site":"@AbogadosIunne","twitter_misc":{"Tiempo de lectura":"4 minutos"},"schema":{"@context":"https:\/\/schema.org","@graph":[{"@type":"WebPage","@id":"https:\/\/iunneabogados.com\/index.php\/politica-de-privacidad\/","url":"https:\/\/iunneabogados.com\/index.php\/politica-de-privacidad\/","name":"Pol\u00edtica de privacidad - iunne abogados Madrid","isPartOf":{"@id":"https:\/\/iunneabogados.com\/#website"},"datePublished":"2019-11-18T20:24:40+00:00","dateModified":"2024-04-08T18:39:41+00:00","description":"iunne abogados informa que los datos personales que se recogen a trav\u00c3\u00a9s de los formularios del Sitio web se incluyen en los registros de iunne abogados.","breadcrumb":{"@id":"https:\/\/iunneabogados.com\/index.php\/politica-de-privacidad\/#breadcrumb"},"inLanguage":"es","potentialAction":[{"@type":"ReadAction","target":["https:\/\/iunneabogados.com\/index.php\/politica-de-privacidad\/"]}]},{"@type":"BreadcrumbList","@id":"https:\/\/iunneabogados.com\/index.php\/politica-de-privacidad\/#breadcrumb","itemListElement":[{"@type":"ListItem","position":1,"name":"Portada","item":"https:\/\/iunneabogados.com\/"},{"@type":"ListItem","position":2,"name":"Pol\u00edtica de privacidad"}]},{"@type":"WebSite","@id":"https:\/\/iunneabogados.com\/#website","url":"https:\/\/iunneabogados.com\/","name":"iunne","description":"TRANQUILIDAD JUR\u00cdDICA","publisher":{"@id":"https:\/\/iunneabogados.com\/#organization"},"potentialAction":[{"@type":"SearchAction","target":{"@type":"EntryPoint","urlTemplate":"https:\/\/iunneabogados.com\/?s={search_term_string}"},"query-input":"required name=search_term_string"}],"inLanguage":"es"},{"@type":"Organization","@id":"https:\/\/iunneabogados.com\/#organization","name":"iunne","url":"https:\/\/iunneabogados.com\/","logo":{"@type":"ImageObject","inLanguage":"es","@id":"https:\/\/iunneabogados.com\/#\/schema\/logo\/image\/","url":"https:\/\/iunneabogados.com\/wp-content\/uploads\/2019\/12\/logo_iunne.png","contentUrl":"https:\/\/iunneabogados.com\/wp-content\/uploads\/2019\/12\/logo_iunne.png","width":118,"height":119,"caption":"iunne"},"image":{"@id":"https:\/\/iunneabogados.com\/#\/schema\/logo\/image\/"},"sameAs":["https:\/\/www.facebook.com\/iunneabogados\/","https:\/\/x.com\/AbogadosIunne","https:\/\/www.instagram.com\/iunneabogados\/","https:\/\/www.linkedin.com\/company\/iunne-abogados\/about\/"]}]}},"_links":{"self":[{"href":"https:\/\/iunneabogados.com\/index.php\/wp-json\/wp\/v2\/pages\/95","targetHints":{"allow":["GET"]}}],"collection":[{"href":"https:\/\/iunneabogados.com\/index.php\/wp-json\/wp\/v2\/pages"}],"about":[{"href":"https:\/\/iunneabogados.com\/index.php\/wp-json\/wp\/v2\/types\/page"}],"author":[{"embeddable":true,"href":"https:\/\/iunneabogados.com\/index.php\/wp-json\/wp\/v2\/users\/1"}],"replies":[{"embeddable":true,"href":"https:\/\/iunneabogados.com\/index.php\/wp-json\/wp\/v2\/comments?post=95"}],"version-history":[{"count":3,"href":"https:\/\/iunneabogados.com\/index.php\/wp-json\/wp\/v2\/pages\/95\/revisions"}],"predecessor-version":[{"id":408,"href":"https:\/\/iunneabogados.com\/index.php\/wp-json\/wp\/v2\/pages\/95\/revisions\/408"}],"wp:attachment":[{"href":"https:\/\/iunneabogados.com\/index.php\/wp-json\/wp\/v2\/media?parent=95"}],"curies":[{"name":"wp","href":"https:\/\/api.w.org\/{rel}","templated":true}]}}