{"id":15,"date":"2019-02-03T20:58:15","date_gmt":"2019-02-03T20:58:15","guid":{"rendered":"http:\/\/ec2-35-180-31-220.eu-west-3.compute.amazonaws.com\/blog\/?page_id=15"},"modified":"2025-11-20T16:49:02","modified_gmt":"2025-11-20T15:49:02","slug":"contacto","status":"publish","type":"page","link":"https:\/\/iunneabogados.com\/index.php\/contacto\/","title":{"rendered":"Contacto"},"content":{"rendered":"<p>Rellena el siguiente formulario y nos pondremos en contacto contigo:<br \/><div class=\"wpforms-container wpforms-container-full\" id=\"wpforms-105\"><form id=\"wpforms-form-105\" class=\"wpforms-validate wpforms-form\" data-formid=\"105\" method=\"post\" enctype=\"multipart\/form-data\" action=\"\/index.php\/wp-json\/wp\/v2\/pages\/15\" data-token=\"eccc64a1bb49dcf085814fd48d64cf8a\" data-token-time=\"1778673359\"><noscript class=\"wpforms-error-noscript\">Por favor, activa JavaScript en tu navegador para completar este formulario.<\/noscript><div class=\"wpforms-field-container\"><div id=\"wpforms-105-field_0-container\" class=\"wpforms-field wpforms-field-name\" data-field-id=\"0\"><label class=\"wpforms-field-label\" for=\"wpforms-105-field_0\">Nombre <span class=\"wpforms-required-label\">*<\/span><\/label><div class=\"wpforms-field-row wpforms-field-medium\"><div class=\"wpforms-field-row-block wpforms-first wpforms-one-half\"><input type=\"text\" id=\"wpforms-105-field_0\" class=\"wpforms-field-name-first wpforms-field-required\" name=\"wpforms[fields][0][first]\" required><label for=\"wpforms-105-field_0\" class=\"wpforms-field-sublabel after \">Nombre<\/label><\/div><div class=\"wpforms-field-row-block wpforms-one-half\"><input type=\"text\" id=\"wpforms-105-field_0-last\" class=\"wpforms-field-name-last wpforms-field-required\" name=\"wpforms[fields][0][last]\" required><label for=\"wpforms-105-field_0-last\" class=\"wpforms-field-sublabel after \">Apellidos<\/label><\/div><\/div><\/div><div id=\"wpforms-105-field_1-container\" class=\"wpforms-field wpforms-field-email\" data-field-id=\"1\"><label class=\"wpforms-field-label\" for=\"wpforms-105-field_1\">Correo electr\u00f3nico <span class=\"wpforms-required-label\">*<\/span><\/label><input type=\"email\" id=\"wpforms-105-field_1\" class=\"wpforms-field-medium wpforms-field-required\" name=\"wpforms[fields][1]\" spellcheck=\"false\" required><\/div><div id=\"wpforms-105-field_3-container\" class=\"wpforms-field wpforms-field-number\" data-field-id=\"3\"><label class=\"wpforms-field-label\" for=\"wpforms-105-field_3\">Tel\u00e9fono<\/label><input type=\"number\" id=\"wpforms-105-field_3\" class=\"wpforms-field-medium\" name=\"wpforms[fields][3]\" ><\/div><div id=\"wpforms-105-field_2-container\" class=\"wpforms-field wpforms-field-textarea\" data-field-id=\"2\"><label class=\"wpforms-field-label\" for=\"wpforms-105-field_2\">Comentario o mensaje <span class=\"wpforms-required-label\">*<\/span><\/label><textarea id=\"wpforms-105-field_2\" class=\"wpforms-field-medium wpforms-field-required\" name=\"wpforms[fields][2]\" required><\/textarea><\/div><div id=\"wpforms-105-field_5-container\" class=\"wpforms-field wpforms-field-gdpr-checkbox\" data-field-id=\"5\"><label class=\"wpforms-field-label\">Nos importa tu privacidad <span class=\"wpforms-required-label\">*<\/span><\/label><ul id=\"wpforms-105-field_5\" class=\"wpforms-field-required\"><li class=\"choice-1\"><input type=\"checkbox\" id=\"wpforms-105-field_5_1\" name=\"wpforms[fields][5][]\" value=\"Doy mi consentimiento para que esta web almacene la informaci\u00f3n que env\u00edo para que puedan responder a mi petici\u00f3n seg\u00fan la &lt;a target=&quot;_blank&quot; href=&quot;\/index.php\/politica-de-privacidad\/&quot;&gt;pol\u00edtica de privacidad&lt;\/a&gt;.\" required ><label class=\"wpforms-field-label-inline\" for=\"wpforms-105-field_5_1\">Doy mi consentimiento para que esta web almacene la informaci\u00f3n que env\u00edo para que puedan responder a mi petici\u00f3n seg\u00fan la <a target=\"_blank\" href=\"\/index.php\/politica-de-privacidad\/\">pol\u00edtica de privacidad<\/a>.<\/label><\/li><\/ul><\/div><\/div><!-- .wpforms-field-container --><div class=\"wpforms-field wpforms-field-hp\"><label for=\"wpforms-105-field-hp\" class=\"wpforms-field-label\">Email<\/label><input type=\"text\" name=\"wpforms[hp]\" id=\"wpforms-105-field-hp\" class=\"wpforms-field-medium\"><\/div><div class=\"wpforms-submit-container\" ><input type=\"hidden\" name=\"wpforms[id]\" value=\"105\"><input type=\"hidden\" name=\"page_title\" value=\"\"><input type=\"hidden\" name=\"page_url\" value=\"https:\/\/iunneabogados.com\/index.php\/wp-json\/wp\/v2\/pages\/15\"><button type=\"submit\" name=\"wpforms[submit]\" id=\"wpforms-submit-105\" class=\"wpforms-submit\" data-alt-text=\"Enviando...\" data-submit-text=\"Enviar\" aria-live=\"assertive\" value=\"wpforms-submit\">Enviar<\/button><\/div><\/form><\/div>  <!-- .wpforms-container --><\/p>\n<p>Si lo prefieres, puedes ponerte en contacto con nosotros:<\/p>\n<p><a href=\"mailto:info@iunneabogados.com\">info@iunneabogados.com<\/a><\/p>\n<p><a href=\"tel:+34 609 676 576\">609 676 576<\/a><\/p>\n\n\n<iframe src=\"https:\/\/www.google.com\/maps\/embed?pb=!1m18!1m12!1m3!1d3037.0896198130067!2d-3.6675014999999997!3d40.4290144!2m3!1f0!2f0!3f0!3m2!1i1024!2i768!4f13.1!3m3!1m2!1s0xd4228b3ff1651bd%3A0xacb6b4e19c23a09e!2sC.%20Alcal%C3%A1%2C%20201%2C%20Salamanca%2C%2028028%20Madrid!5e0!3m2!1ses!2ses!4v1763652940459!5m2!1ses!2ses\" width=\"600\" height=\"450\" style=\"border:0;\" allowfullscreen=\"\" loading=\"lazy\" referrerpolicy=\"no-referrer-when-downgrade\"><\/iframe>\n\n","protected":false},"excerpt":{"rendered":"<p>Rellena el siguiente formulario y nos pondremos en contacto contigo: Si lo prefieres, puedes ponerte en contacto con nosotros: info@iunneabogados.com 609 676 576<\/p>\n","protected":false},"author":1,"featured_media":46,"parent":0,"menu_order":0,"comment_status":"closed","ping_status":"closed","template":"","meta":{"footnotes":""},"class_list":["post-15","page","type-page","status-publish","has-post-thumbnail","hentry"],"yoast_head":"<!-- This site is optimized with the Yoast SEO plugin v22.5 - https:\/\/yoast.com\/wordpress\/plugins\/seo\/ -->\n<title>Contacto - iunne abogados Madrid<\/title>\n<meta name=\"description\" content=\"iunne abogados - ponte en contacto con nosotros. mail:info@iunneabogados.com telefonos:609676576\" \/>\n<meta name=\"robots\" content=\"index, follow, max-snippet:-1, max-image-preview:large, max-video-preview:-1\" \/>\n<link rel=\"canonical\" href=\"https:\/\/iunneabogados.com\/index.php\/contacto\/\" \/>\n<meta property=\"og:locale\" content=\"es_ES\" \/>\n<meta property=\"og:type\" content=\"article\" \/>\n<meta property=\"og:title\" content=\"Contacto - iunne abogados Madrid\" \/>\n<meta property=\"og:description\" content=\"iunne abogados - ponte en contacto con nosotros. mail:info@iunneabogados.com telefonos:609676576\" \/>\n<meta property=\"og:url\" content=\"https:\/\/iunneabogados.com\/index.php\/contacto\/\" \/>\n<meta property=\"og:site_name\" content=\"iunne\" \/>\n<meta property=\"article:publisher\" content=\"https:\/\/www.facebook.com\/iunneabogados\/\" \/>\n<meta property=\"article:modified_time\" content=\"2025-11-20T15:49:02+00:00\" \/>\n<meta property=\"og:image\" content=\"https:\/\/iunneabogados.com\/wp-content\/uploads\/2019\/02\/antique-black-call-1416530.jpg\" \/>\n\t<meta property=\"og:image:width\" content=\"2560\" \/>\n\t<meta property=\"og:image:height\" content=\"1707\" \/>\n\t<meta property=\"og:image:type\" content=\"image\/jpeg\" \/>\n<meta name=\"twitter:card\" content=\"summary_large_image\" \/>\n<meta name=\"twitter:site\" content=\"@AbogadosIunne\" \/>\n<meta name=\"twitter:label1\" content=\"Tiempo de lectura\" \/>\n\t<meta name=\"twitter:data1\" content=\"1 minuto\" \/>\n<script type=\"application\/ld+json\" class=\"yoast-schema-graph\">{\"@context\":\"https:\/\/schema.org\",\"@graph\":[{\"@type\":\"WebPage\",\"@id\":\"https:\/\/iunneabogados.com\/index.php\/contacto\/\",\"url\":\"https:\/\/iunneabogados.com\/index.php\/contacto\/\",\"name\":\"Contacto - iunne abogados Madrid\",\"isPartOf\":{\"@id\":\"https:\/\/iunneabogados.com\/#website\"},\"primaryImageOfPage\":{\"@id\":\"https:\/\/iunneabogados.com\/index.php\/contacto\/#primaryimage\"},\"image\":{\"@id\":\"https:\/\/iunneabogados.com\/index.php\/contacto\/#primaryimage\"},\"thumbnailUrl\":\"https:\/\/iunneabogados.com\/wp-content\/uploads\/2019\/02\/antique-black-call-1416530.jpg\",\"datePublished\":\"2019-02-03T20:58:15+00:00\",\"dateModified\":\"2025-11-20T15:49:02+00:00\",\"description\":\"iunne abogados - ponte en contacto con nosotros. mail:info@iunneabogados.com telefonos:609676576\",\"breadcrumb\":{\"@id\":\"https:\/\/iunneabogados.com\/index.php\/contacto\/#breadcrumb\"},\"inLanguage\":\"es\",\"potentialAction\":[{\"@type\":\"ReadAction\",\"target\":[\"https:\/\/iunneabogados.com\/index.php\/contacto\/\"]}]},{\"@type\":\"ImageObject\",\"inLanguage\":\"es\",\"@id\":\"https:\/\/iunneabogados.com\/index.php\/contacto\/#primaryimage\",\"url\":\"https:\/\/iunneabogados.com\/wp-content\/uploads\/2019\/02\/antique-black-call-1416530.jpg\",\"contentUrl\":\"https:\/\/iunneabogados.com\/wp-content\/uploads\/2019\/02\/antique-black-call-1416530.jpg\",\"width\":2560,\"height\":1707,\"caption\":\"info@iunneabogados.com Paseo pintor rosales 38 Madrid 609 676 576 674 026 626\"},{\"@type\":\"BreadcrumbList\",\"@id\":\"https:\/\/iunneabogados.com\/index.php\/contacto\/#breadcrumb\",\"itemListElement\":[{\"@type\":\"ListItem\",\"position\":1,\"name\":\"Portada\",\"item\":\"https:\/\/iunneabogados.com\/\"},{\"@type\":\"ListItem\",\"position\":2,\"name\":\"Contacto\"}]},{\"@type\":\"WebSite\",\"@id\":\"https:\/\/iunneabogados.com\/#website\",\"url\":\"https:\/\/iunneabogados.com\/\",\"name\":\"iunne\",\"description\":\"TRANQUILIDAD JUR\u00cdDICA\",\"publisher\":{\"@id\":\"https:\/\/iunneabogados.com\/#organization\"},\"potentialAction\":[{\"@type\":\"SearchAction\",\"target\":{\"@type\":\"EntryPoint\",\"urlTemplate\":\"https:\/\/iunneabogados.com\/?s={search_term_string}\"},\"query-input\":\"required name=search_term_string\"}],\"inLanguage\":\"es\"},{\"@type\":\"Organization\",\"@id\":\"https:\/\/iunneabogados.com\/#organization\",\"name\":\"iunne\",\"url\":\"https:\/\/iunneabogados.com\/\",\"logo\":{\"@type\":\"ImageObject\",\"inLanguage\":\"es\",\"@id\":\"https:\/\/iunneabogados.com\/#\/schema\/logo\/image\/\",\"url\":\"https:\/\/iunneabogados.com\/wp-content\/uploads\/2019\/12\/logo_iunne.png\",\"contentUrl\":\"https:\/\/iunneabogados.com\/wp-content\/uploads\/2019\/12\/logo_iunne.png\",\"width\":118,\"height\":119,\"caption\":\"iunne\"},\"image\":{\"@id\":\"https:\/\/iunneabogados.com\/#\/schema\/logo\/image\/\"},\"sameAs\":[\"https:\/\/www.facebook.com\/iunneabogados\/\",\"https:\/\/x.com\/AbogadosIunne\",\"https:\/\/www.instagram.com\/iunneabogados\/\",\"https:\/\/www.linkedin.com\/company\/iunne-abogados\/about\/\"]}]}<\/script>\n<!-- \/ Yoast SEO plugin. -->","yoast_head_json":{"title":"Contacto - iunne abogados Madrid","description":"iunne abogados - ponte en contacto con nosotros. mail:info@iunneabogados.com telefonos:609676576","robots":{"index":"index","follow":"follow","max-snippet":"max-snippet:-1","max-image-preview":"max-image-preview:large","max-video-preview":"max-video-preview:-1"},"canonical":"https:\/\/iunneabogados.com\/index.php\/contacto\/","og_locale":"es_ES","og_type":"article","og_title":"Contacto - iunne abogados Madrid","og_description":"iunne abogados - ponte en contacto con nosotros. mail:info@iunneabogados.com telefonos:609676576","og_url":"https:\/\/iunneabogados.com\/index.php\/contacto\/","og_site_name":"iunne","article_publisher":"https:\/\/www.facebook.com\/iunneabogados\/","article_modified_time":"2025-11-20T15:49:02+00:00","og_image":[{"width":2560,"height":1707,"url":"https:\/\/iunneabogados.com\/wp-content\/uploads\/2019\/02\/antique-black-call-1416530.jpg","type":"image\/jpeg"}],"twitter_card":"summary_large_image","twitter_site":"@AbogadosIunne","twitter_misc":{"Tiempo de lectura":"1 minuto"},"schema":{"@context":"https:\/\/schema.org","@graph":[{"@type":"WebPage","@id":"https:\/\/iunneabogados.com\/index.php\/contacto\/","url":"https:\/\/iunneabogados.com\/index.php\/contacto\/","name":"Contacto - iunne abogados Madrid","isPartOf":{"@id":"https:\/\/iunneabogados.com\/#website"},"primaryImageOfPage":{"@id":"https:\/\/iunneabogados.com\/index.php\/contacto\/#primaryimage"},"image":{"@id":"https:\/\/iunneabogados.com\/index.php\/contacto\/#primaryimage"},"thumbnailUrl":"https:\/\/iunneabogados.com\/wp-content\/uploads\/2019\/02\/antique-black-call-1416530.jpg","datePublished":"2019-02-03T20:58:15+00:00","dateModified":"2025-11-20T15:49:02+00:00","description":"iunne abogados - ponte en contacto con nosotros. mail:info@iunneabogados.com telefonos:609676576","breadcrumb":{"@id":"https:\/\/iunneabogados.com\/index.php\/contacto\/#breadcrumb"},"inLanguage":"es","potentialAction":[{"@type":"ReadAction","target":["https:\/\/iunneabogados.com\/index.php\/contacto\/"]}]},{"@type":"ImageObject","inLanguage":"es","@id":"https:\/\/iunneabogados.com\/index.php\/contacto\/#primaryimage","url":"https:\/\/iunneabogados.com\/wp-content\/uploads\/2019\/02\/antique-black-call-1416530.jpg","contentUrl":"https:\/\/iunneabogados.com\/wp-content\/uploads\/2019\/02\/antique-black-call-1416530.jpg","width":2560,"height":1707,"caption":"info@iunneabogados.com Paseo pintor rosales 38 Madrid 609 676 576 674 026 626"},{"@type":"BreadcrumbList","@id":"https:\/\/iunneabogados.com\/index.php\/contacto\/#breadcrumb","itemListElement":[{"@type":"ListItem","position":1,"name":"Portada","item":"https:\/\/iunneabogados.com\/"},{"@type":"ListItem","position":2,"name":"Contacto"}]},{"@type":"WebSite","@id":"https:\/\/iunneabogados.com\/#website","url":"https:\/\/iunneabogados.com\/","name":"iunne","description":"TRANQUILIDAD JUR\u00cdDICA","publisher":{"@id":"https:\/\/iunneabogados.com\/#organization"},"potentialAction":[{"@type":"SearchAction","target":{"@type":"EntryPoint","urlTemplate":"https:\/\/iunneabogados.com\/?s={search_term_string}"},"query-input":"required name=search_term_string"}],"inLanguage":"es"},{"@type":"Organization","@id":"https:\/\/iunneabogados.com\/#organization","name":"iunne","url":"https:\/\/iunneabogados.com\/","logo":{"@type":"ImageObject","inLanguage":"es","@id":"https:\/\/iunneabogados.com\/#\/schema\/logo\/image\/","url":"https:\/\/iunneabogados.com\/wp-content\/uploads\/2019\/12\/logo_iunne.png","contentUrl":"https:\/\/iunneabogados.com\/wp-content\/uploads\/2019\/12\/logo_iunne.png","width":118,"height":119,"caption":"iunne"},"image":{"@id":"https:\/\/iunneabogados.com\/#\/schema\/logo\/image\/"},"sameAs":["https:\/\/www.facebook.com\/iunneabogados\/","https:\/\/x.com\/AbogadosIunne","https:\/\/www.instagram.com\/iunneabogados\/","https:\/\/www.linkedin.com\/company\/iunne-abogados\/about\/"]}]}},"_links":{"self":[{"href":"https:\/\/iunneabogados.com\/index.php\/wp-json\/wp\/v2\/pages\/15","targetHints":{"allow":["GET"]}}],"collection":[{"href":"https:\/\/iunneabogados.com\/index.php\/wp-json\/wp\/v2\/pages"}],"about":[{"href":"https:\/\/iunneabogados.com\/index.php\/wp-json\/wp\/v2\/types\/page"}],"author":[{"embeddable":true,"href":"https:\/\/iunneabogados.com\/index.php\/wp-json\/wp\/v2\/users\/1"}],"replies":[{"embeddable":true,"href":"https:\/\/iunneabogados.com\/index.php\/wp-json\/wp\/v2\/comments?post=15"}],"version-history":[{"count":18,"href":"https:\/\/iunneabogados.com\/index.php\/wp-json\/wp\/v2\/pages\/15\/revisions"}],"predecessor-version":[{"id":501,"href":"https:\/\/iunneabogados.com\/index.php\/wp-json\/wp\/v2\/pages\/15\/revisions\/501"}],"wp:featuredmedia":[{"embeddable":true,"href":"https:\/\/iunneabogados.com\/index.php\/wp-json\/wp\/v2\/media\/46"}],"wp:attachment":[{"href":"https:\/\/iunneabogados.com\/index.php\/wp-json\/wp\/v2\/media?parent=15"}],"curies":[{"name":"wp","href":"https:\/\/api.w.org\/{rel}","templated":true}]}}