{"id":14,"date":"2019-02-03T20:58:15","date_gmt":"2019-02-03T20:58:15","guid":{"rendered":"http:\/\/ec2-35-180-31-220.eu-west-3.compute.amazonaws.com\/blog\/?page_id=14"},"modified":"2024-04-08T19:14:50","modified_gmt":"2024-04-08T18:14:50","slug":"quienes-somos","status":"publish","type":"page","link":"https:\/\/iunneabogados.com\/index.php\/quienes-somos\/","title":{"rendered":"Qui\u00e9nes somos"},"content":{"rendered":"<p>Somos un despacho de abogados multidisciplinar, fundado en 2017, que pone a disposici\u00f3n de empresas y particulares un <a href=\"https:\/\/iunneabogados.com\/index.php\/areas-de-actividad\/\">asesoramiento legal integral<\/a>.<\/p>\n<p>Una de nuestras principales caracter\u00ed\u00adsticas es la empat\u00eda con nuestros clientes, siendo nuestro objetivo primordial proporcionar TRANQUILIDAD JUR\u00cdDICA.<\/p>\n<p>Hablamos de t\u00fa a t\u00fa, porque lo m\u00e1s importante es entenderse; es una cuesti\u00f3n de <em>feeling<\/em>, y nos amoldamos a las necesidades que pueda tener cada caso.<\/p>\n<p>Tenemos una particular filosof\u00eda y forma de trabajar que nos ayuda a generar un v\u00ed\u00adnculo con quienes nos conf\u00ed\u00adan sus asuntos realmente duradero. Lo que, unido al alto grado de especializaci\u00f3n de nuestros abogados, supone que nos alejemos de las vagas ilusiones y traslademos al cliente opciones realistas.<\/p>\n<p>Queremos estar presentes para resolver el conflicto, pero tambi\u00e9n anticiparnos, en la medida de lo posible, a que \u00e9ste llegue a producirse y as\u00ed\u00ad evitar procedimientos m\u00e1s tediosos.<\/p>\n<p>Ejercemos la profesi\u00f3n por absoluta vocaci\u00f3n, asumiendo un alto grado de compromiso, confianza y seriedad.<\/p>\n","protected":false},"excerpt":{"rendered":"<p>Somos un despacho de abogados multidisciplinar, fundado en 2017, que pone a disposici\u00f3n de empresas y particulares un asesoramiento legal integral. Una de nuestras principales caracter\u00ed\u00adsticas es la empat\u00eda con nuestros clientes, siendo nuestro objetivo primordial proporcionar TRANQUILIDAD JUR\u00cdDICA. Hablamos de t\u00fa a t\u00fa, porque lo m\u00e1s importante es entenderse; es una cuesti\u00f3n de feeling, &hellip; <\/p>\n<p class=\"link-more\"><a href=\"https:\/\/iunneabogados.com\/index.php\/quienes-somos\/\" class=\"more-link\">Continuar leyendo<span class=\"screen-reader-text\"> \u00abQui\u00e9nes somos\u00bb<\/span><\/a><\/p>\n","protected":false},"author":1,"featured_media":120,"parent":0,"menu_order":0,"comment_status":"closed","ping_status":"closed","template":"","meta":{"footnotes":""},"class_list":["post-14","page","type-page","status-publish","has-post-thumbnail","hentry"],"yoast_head":"<!-- This site is optimized with the Yoast SEO plugin v22.5 - https:\/\/yoast.com\/wordpress\/plugins\/seo\/ -->\n<title>Qui\u00e9nes somos - iunne abogados Madrid<\/title>\n<meta name=\"description\" content=\"Somos un despacho de abogados multidisciplinar, que pone a disposici\u00c3\u00b3n de empresas y particulares, un asesoramiento legal integral.\" \/>\n<meta name=\"robots\" content=\"index, follow, max-snippet:-1, max-image-preview:large, max-video-preview:-1\" \/>\n<link rel=\"canonical\" href=\"https:\/\/iunneabogados.com\/index.php\/quienes-somos\/\" \/>\n<meta property=\"og:locale\" content=\"es_ES\" \/>\n<meta property=\"og:type\" content=\"article\" \/>\n<meta property=\"og:title\" content=\"Qui\u00e9nes somos - iunne abogados Madrid\" \/>\n<meta property=\"og:description\" content=\"Somos un despacho de abogados multidisciplinar, que pone a disposici\u00c3\u00b3n de empresas y particulares, un asesoramiento legal integral.\" \/>\n<meta property=\"og:url\" content=\"https:\/\/iunneabogados.com\/index.php\/quienes-somos\/\" \/>\n<meta property=\"og:site_name\" content=\"iunne\" \/>\n<meta property=\"article:publisher\" content=\"https:\/\/www.facebook.com\/iunneabogados\/\" \/>\n<meta property=\"article:modified_time\" content=\"2024-04-08T18:14:50+00:00\" \/>\n<meta property=\"og:image\" content=\"https:\/\/iunneabogados.com\/wp-content\/uploads\/2019\/12\/bridge-918677_1920.jpg\" \/>\n\t<meta property=\"og:image:width\" content=\"1920\" \/>\n\t<meta property=\"og:image:height\" content=\"1276\" \/>\n\t<meta property=\"og:image:type\" content=\"image\/jpeg\" \/>\n<meta name=\"twitter:card\" content=\"summary_large_image\" \/>\n<meta name=\"twitter:site\" content=\"@AbogadosIunne\" \/>\n<meta name=\"twitter:label1\" content=\"Tiempo de lectura\" \/>\n\t<meta name=\"twitter:data1\" content=\"1 minuto\" \/>\n<script type=\"application\/ld+json\" class=\"yoast-schema-graph\">{\"@context\":\"https:\/\/schema.org\",\"@graph\":[{\"@type\":\"WebPage\",\"@id\":\"https:\/\/iunneabogados.com\/index.php\/quienes-somos\/\",\"url\":\"https:\/\/iunneabogados.com\/index.php\/quienes-somos\/\",\"name\":\"Qui\u00e9nes somos - iunne abogados Madrid\",\"isPartOf\":{\"@id\":\"https:\/\/iunneabogados.com\/#website\"},\"primaryImageOfPage\":{\"@id\":\"https:\/\/iunneabogados.com\/index.php\/quienes-somos\/#primaryimage\"},\"image\":{\"@id\":\"https:\/\/iunneabogados.com\/index.php\/quienes-somos\/#primaryimage\"},\"thumbnailUrl\":\"https:\/\/iunneabogados.com\/wp-content\/uploads\/2019\/12\/bridge-918677_1920.jpg\",\"datePublished\":\"2019-02-03T20:58:15+00:00\",\"dateModified\":\"2024-04-08T18:14:50+00:00\",\"description\":\"Somos un despacho de abogados multidisciplinar, que pone a disposici\u00c3\u00b3n de empresas y particulares, un asesoramiento legal integral.\",\"breadcrumb\":{\"@id\":\"https:\/\/iunneabogados.com\/index.php\/quienes-somos\/#breadcrumb\"},\"inLanguage\":\"es\",\"potentialAction\":[{\"@type\":\"ReadAction\",\"target\":[\"https:\/\/iunneabogados.com\/index.php\/quienes-somos\/\"]}]},{\"@type\":\"ImageObject\",\"inLanguage\":\"es\",\"@id\":\"https:\/\/iunneabogados.com\/index.php\/quienes-somos\/#primaryimage\",\"url\":\"https:\/\/iunneabogados.com\/wp-content\/uploads\/2019\/12\/bridge-918677_1920.jpg\",\"contentUrl\":\"https:\/\/iunneabogados.com\/wp-content\/uploads\/2019\/12\/bridge-918677_1920.jpg\",\"width\":1920,\"height\":1276,\"caption\":\"Imagen decorativa iunne abogados - TRANQUILIDAD JUR\u00c3\u008dDICA - Paseo de madera hacia la playa\"},{\"@type\":\"BreadcrumbList\",\"@id\":\"https:\/\/iunneabogados.com\/index.php\/quienes-somos\/#breadcrumb\",\"itemListElement\":[{\"@type\":\"ListItem\",\"position\":1,\"name\":\"Portada\",\"item\":\"https:\/\/iunneabogados.com\/\"},{\"@type\":\"ListItem\",\"position\":2,\"name\":\"Qui\u00e9nes somos\"}]},{\"@type\":\"WebSite\",\"@id\":\"https:\/\/iunneabogados.com\/#website\",\"url\":\"https:\/\/iunneabogados.com\/\",\"name\":\"iunne\",\"description\":\"TRANQUILIDAD JUR\u00cdDICA\",\"publisher\":{\"@id\":\"https:\/\/iunneabogados.com\/#organization\"},\"potentialAction\":[{\"@type\":\"SearchAction\",\"target\":{\"@type\":\"EntryPoint\",\"urlTemplate\":\"https:\/\/iunneabogados.com\/?s={search_term_string}\"},\"query-input\":\"required name=search_term_string\"}],\"inLanguage\":\"es\"},{\"@type\":\"Organization\",\"@id\":\"https:\/\/iunneabogados.com\/#organization\",\"name\":\"iunne\",\"url\":\"https:\/\/iunneabogados.com\/\",\"logo\":{\"@type\":\"ImageObject\",\"inLanguage\":\"es\",\"@id\":\"https:\/\/iunneabogados.com\/#\/schema\/logo\/image\/\",\"url\":\"https:\/\/iunneabogados.com\/wp-content\/uploads\/2019\/12\/logo_iunne.png\",\"contentUrl\":\"https:\/\/iunneabogados.com\/wp-content\/uploads\/2019\/12\/logo_iunne.png\",\"width\":118,\"height\":119,\"caption\":\"iunne\"},\"image\":{\"@id\":\"https:\/\/iunneabogados.com\/#\/schema\/logo\/image\/\"},\"sameAs\":[\"https:\/\/www.facebook.com\/iunneabogados\/\",\"https:\/\/x.com\/AbogadosIunne\",\"https:\/\/www.instagram.com\/iunneabogados\/\",\"https:\/\/www.linkedin.com\/company\/iunne-abogados\/about\/\"]}]}<\/script>\n<!-- \/ Yoast SEO plugin. -->","yoast_head_json":{"title":"Qui\u00e9nes somos - iunne abogados Madrid","description":"Somos un despacho de abogados multidisciplinar, que pone a disposici\u00c3\u00b3n de empresas y particulares, un asesoramiento legal integral.","robots":{"index":"index","follow":"follow","max-snippet":"max-snippet:-1","max-image-preview":"max-image-preview:large","max-video-preview":"max-video-preview:-1"},"canonical":"https:\/\/iunneabogados.com\/index.php\/quienes-somos\/","og_locale":"es_ES","og_type":"article","og_title":"Qui\u00e9nes somos - iunne abogados Madrid","og_description":"Somos un despacho de abogados multidisciplinar, que pone a disposici\u00c3\u00b3n de empresas y particulares, un asesoramiento legal integral.","og_url":"https:\/\/iunneabogados.com\/index.php\/quienes-somos\/","og_site_name":"iunne","article_publisher":"https:\/\/www.facebook.com\/iunneabogados\/","article_modified_time":"2024-04-08T18:14:50+00:00","og_image":[{"width":1920,"height":1276,"url":"https:\/\/iunneabogados.com\/wp-content\/uploads\/2019\/12\/bridge-918677_1920.jpg","type":"image\/jpeg"}],"twitter_card":"summary_large_image","twitter_site":"@AbogadosIunne","twitter_misc":{"Tiempo de lectura":"1 minuto"},"schema":{"@context":"https:\/\/schema.org","@graph":[{"@type":"WebPage","@id":"https:\/\/iunneabogados.com\/index.php\/quienes-somos\/","url":"https:\/\/iunneabogados.com\/index.php\/quienes-somos\/","name":"Qui\u00e9nes somos - iunne abogados Madrid","isPartOf":{"@id":"https:\/\/iunneabogados.com\/#website"},"primaryImageOfPage":{"@id":"https:\/\/iunneabogados.com\/index.php\/quienes-somos\/#primaryimage"},"image":{"@id":"https:\/\/iunneabogados.com\/index.php\/quienes-somos\/#primaryimage"},"thumbnailUrl":"https:\/\/iunneabogados.com\/wp-content\/uploads\/2019\/12\/bridge-918677_1920.jpg","datePublished":"2019-02-03T20:58:15+00:00","dateModified":"2024-04-08T18:14:50+00:00","description":"Somos un despacho de abogados multidisciplinar, que pone a disposici\u00c3\u00b3n de empresas y particulares, un asesoramiento legal integral.","breadcrumb":{"@id":"https:\/\/iunneabogados.com\/index.php\/quienes-somos\/#breadcrumb"},"inLanguage":"es","potentialAction":[{"@type":"ReadAction","target":["https:\/\/iunneabogados.com\/index.php\/quienes-somos\/"]}]},{"@type":"ImageObject","inLanguage":"es","@id":"https:\/\/iunneabogados.com\/index.php\/quienes-somos\/#primaryimage","url":"https:\/\/iunneabogados.com\/wp-content\/uploads\/2019\/12\/bridge-918677_1920.jpg","contentUrl":"https:\/\/iunneabogados.com\/wp-content\/uploads\/2019\/12\/bridge-918677_1920.jpg","width":1920,"height":1276,"caption":"Imagen decorativa iunne abogados - TRANQUILIDAD JUR\u00c3\u008dDICA - Paseo de madera hacia la playa"},{"@type":"BreadcrumbList","@id":"https:\/\/iunneabogados.com\/index.php\/quienes-somos\/#breadcrumb","itemListElement":[{"@type":"ListItem","position":1,"name":"Portada","item":"https:\/\/iunneabogados.com\/"},{"@type":"ListItem","position":2,"name":"Qui\u00e9nes somos"}]},{"@type":"WebSite","@id":"https:\/\/iunneabogados.com\/#website","url":"https:\/\/iunneabogados.com\/","name":"iunne","description":"TRANQUILIDAD JUR\u00cdDICA","publisher":{"@id":"https:\/\/iunneabogados.com\/#organization"},"potentialAction":[{"@type":"SearchAction","target":{"@type":"EntryPoint","urlTemplate":"https:\/\/iunneabogados.com\/?s={search_term_string}"},"query-input":"required name=search_term_string"}],"inLanguage":"es"},{"@type":"Organization","@id":"https:\/\/iunneabogados.com\/#organization","name":"iunne","url":"https:\/\/iunneabogados.com\/","logo":{"@type":"ImageObject","inLanguage":"es","@id":"https:\/\/iunneabogados.com\/#\/schema\/logo\/image\/","url":"https:\/\/iunneabogados.com\/wp-content\/uploads\/2019\/12\/logo_iunne.png","contentUrl":"https:\/\/iunneabogados.com\/wp-content\/uploads\/2019\/12\/logo_iunne.png","width":118,"height":119,"caption":"iunne"},"image":{"@id":"https:\/\/iunneabogados.com\/#\/schema\/logo\/image\/"},"sameAs":["https:\/\/www.facebook.com\/iunneabogados\/","https:\/\/x.com\/AbogadosIunne","https:\/\/www.instagram.com\/iunneabogados\/","https:\/\/www.linkedin.com\/company\/iunne-abogados\/about\/"]}]}},"_links":{"self":[{"href":"https:\/\/iunneabogados.com\/index.php\/wp-json\/wp\/v2\/pages\/14","targetHints":{"allow":["GET"]}}],"collection":[{"href":"https:\/\/iunneabogados.com\/index.php\/wp-json\/wp\/v2\/pages"}],"about":[{"href":"https:\/\/iunneabogados.com\/index.php\/wp-json\/wp\/v2\/types\/page"}],"author":[{"embeddable":true,"href":"https:\/\/iunneabogados.com\/index.php\/wp-json\/wp\/v2\/users\/1"}],"replies":[{"embeddable":true,"href":"https:\/\/iunneabogados.com\/index.php\/wp-json\/wp\/v2\/comments?post=14"}],"version-history":[{"count":12,"href":"https:\/\/iunneabogados.com\/index.php\/wp-json\/wp\/v2\/pages\/14\/revisions"}],"predecessor-version":[{"id":390,"href":"https:\/\/iunneabogados.com\/index.php\/wp-json\/wp\/v2\/pages\/14\/revisions\/390"}],"wp:featuredmedia":[{"embeddable":true,"href":"https:\/\/iunneabogados.com\/index.php\/wp-json\/wp\/v2\/media\/120"}],"wp:attachment":[{"href":"https:\/\/iunneabogados.com\/index.php\/wp-json\/wp\/v2\/media?parent=14"}],"curies":[{"name":"wp","href":"https:\/\/api.w.org\/{rel}","templated":true}]}}