{"id":135,"date":"2019-12-27T02:59:38","date_gmt":"2019-12-27T01:59:38","guid":{"rendered":"http:\/\/iunneabogados.com\/blog\/?page_id=135"},"modified":"2024-04-08T18:47:32","modified_gmt":"2024-04-08T17:47:32","slug":"politica-de-cookies","status":"publish","type":"page","link":"https:\/\/iunneabogados.com\/index.php\/politica-de-cookies\/","title":{"rendered":"Pol\u00ed\u00adtica de cookies"},"content":{"rendered":"<p>iunne abogados informa acerca del uso de las cookies en su p\u00e1gina web: <a href=\"http:\/\/www.iunneabogados.com\">www.iunneabogados.com<\/a><\/p>\n<h4>\u00bfQu\u00e9 son las cookies?<\/h4>\n<p>Las cookies son archivos que se pueden descargar en su equipo a trav\u00e9s de las p\u00e1ginas web. Son herramientas que tienen un papel esencial para la prestaci\u00f3n de numerosos servicios de la sociedad de la informaci\u00f3n. Entre otros, permiten a una p\u00e1gina web almacenar y recuperar informaci\u00f3n sobre los h\u00e1bitos de navegaci\u00f3n de un usuario o de su equipo y, dependiendo de la informaci\u00f3n obtenida, se pueden utilizar para reconocer al usuario y mejorar el servicio ofrecido.<\/p>\n<h4>Tipos de cookies utilizadas<\/h4>\n<p>El sitio web <a href=\"http:\/\/www.iuneabogados.com\">www.iuneabogados.com<\/a> utiliza los siguientes tipos de cookies:<\/p>\n<h6>Cookies ANAL\u00cdTICAS<\/h6>\n<p style=\"padding-left: 30px;\"><strong>Descripci\u00f3n<\/strong><br \/>\nEstas Cookies recopilan informaci\u00f3n de tu experiencia de navegaci\u00f3n en nuestros portales web de forma totalmente an\u00f3nima. Podemos contabilizar el n\u00famero de visitantes de la p\u00e1gina o los contenidos m\u00e1s vistos.<\/p>\n<p style=\"padding-left: 30px;\"><strong>Uso<\/strong><\/p>\n<p style=\"padding-left: 30px;\">Podemos saber si el usuario que est\u00e1 accediendo es nuevo o repite visita.<br \/>\nEsa informaci\u00f3n puede ayudarnos a mejorar la navegaci\u00f3n y darte un mejor servicio.<\/p>\n<h4>Desactivar las cookies<\/h4>\n<p>Tiene la opci\u00f3n de permitir, bloquear o eliminar las cookies instaladas en su equipo mediante la configuraci\u00f3n de las opciones del navegador instalado en este.<\/p>\n<p>Al desactivar cookies, algunos de los servicios disponibles podr\u00ed\u00adan dejar de estar operativos.<\/p>\n<p>La forma de deshabilitar las cookies es diferente para cada navegador, pero normalmente puede hacerse desde el men\u00fa Herramientas u Opciones. Tambi\u00e9n puede consultarse el men\u00fa de Ayuda del navegador, d\u00f3nde puede encontrar instrucciones.<\/p>\n<p>El usuario podr\u00e1, en cualquier momento, elegir qu\u00e9 cookies quiere que funcionen en este sitio web.<\/p>\n<p>Puede permitir, bloquear o eliminar las cookies instaladas en su equipo mediante la configuraci\u00f3n de las opciones del navegador instalado en su ordenador:<\/p>\n<p style=\"padding-left: 30px;\"><strong>Chrome desde<\/strong><br \/>\n<a href=\"http:\/\/support.google.com\/chrome\/bin\/answer.py?hl=es&amp;answer=95647\">http:\/\/support.google.com\/chrome\/bin\/answer.py?hl=es&amp;answer=95647<\/a><\/p>\n<p style=\"padding-left: 30px;\"><strong>Microsoft Edge. \/ Explorer desde <\/strong><br \/>\n<a href=\"http:\/\/windows.microsoft.com\/es-es\/windows7\/how-to-manage-cookies-in-internet-explorer-9\">http:\/\/windows.microsoft.com\/es-es\/windows7\/how-to-manage-cookies-in-internet-explorer-9<\/a><\/p>\n<p style=\"padding-left: 30px;\"><strong>Moziila Firefox desde <\/strong><br \/>\n<a href=\"http:\/\/support.mozilla.org\/es\/kb\/habilitar-y-deshabilitar-cookies-que-los-sitios-we\">http:\/\/support.mozilla.org\/es\/kb\/habilitar-y-deshabilitar-cookies-que-los-sitios-we<\/a><\/p>\n<p style=\"padding-left: 30px;\"><strong>Safari desde <\/strong><br \/>\n<a href=\"http:\/\/support.apple.com\/kb\/ph5042\">http:\/\/support.apple.com\/kb\/ph5042<\/a><\/p>\n<h4>Actualizaci\u00f3n de la Pol\u00c3\u00adtica de Cookies<\/h4>\n<p>Es posible que actualicemos la Pol\u00ed\u00adtica de Cookies de nuestro Sitio Web, por ello le recomendamos revisar esta pol\u00ed\u00adtica cada vez que acceda a nuestro Sitio Web con el objetivo de estar adecuadamente informado sobre c\u00f3mo y para qu\u00e9 usamos las cookies.<\/p>\n<h4>Cookies de Terceros<\/h4>\n<p><a href=\"http:\/\/www.iunneabogados.com\">www.iunneabogados.com<\/a> incluye otras funcionalidades proporcionadas por las redes sociales y que pueden instalar cookies en su equipo. Es posible compartir el contenido a trav\u00e9s de redes sociales como Facebook, Twitter o Instagram con los botones incluidos a tal efecto o con las herramientas para compartir propias de las redes sociales.<\/p>\n","protected":false},"excerpt":{"rendered":"<p>iunne abogados informa acerca del uso de las cookies en su p\u00e1gina web: www.iunneabogados.com \u00bfQu\u00e9 son las cookies? Las cookies son archivos que se pueden descargar en su equipo a trav\u00e9s de las p\u00e1ginas web. Son herramientas que tienen un papel esencial para la prestaci\u00f3n de numerosos servicios de la sociedad de la informaci\u00f3n. Entre &hellip; <\/p>\n<p class=\"link-more\"><a href=\"https:\/\/iunneabogados.com\/index.php\/politica-de-cookies\/\" class=\"more-link\">Continuar leyendo<span class=\"screen-reader-text\"> \u00abPol\u00ed\u00adtica de cookies\u00bb<\/span><\/a><\/p>\n","protected":false},"author":1,"featured_media":0,"parent":0,"menu_order":0,"comment_status":"closed","ping_status":"closed","template":"","meta":{"footnotes":""},"class_list":["post-135","page","type-page","status-publish","hentry"],"yoast_head":"<!-- This site is optimized with the Yoast SEO plugin v22.5 - https:\/\/yoast.com\/wordpress\/plugins\/seo\/ -->\n<title>Pol\u00ed\u00adtica de cookies - iunne abogados Madrid<\/title>\n<meta name=\"description\" content=\"iunne abogados informa acerca del uso de las cookies en su p\u00c3\u00a1gina web, tu privacidad nos importa y te ofrecemos la informaci\u00c3\u00b3n que necesitas conocer.\" \/>\n<meta name=\"robots\" content=\"index, follow, max-snippet:-1, max-image-preview:large, max-video-preview:-1\" \/>\n<link rel=\"canonical\" href=\"https:\/\/iunneabogados.com\/index.php\/politica-de-cookies\/\" \/>\n<meta property=\"og:locale\" content=\"es_ES\" \/>\n<meta property=\"og:type\" content=\"article\" \/>\n<meta property=\"og:title\" content=\"Pol\u00ed\u00adtica de cookies - iunne abogados Madrid\" \/>\n<meta property=\"og:description\" content=\"iunne abogados informa acerca del uso de las cookies en su p\u00c3\u00a1gina web, tu privacidad nos importa y te ofrecemos la informaci\u00c3\u00b3n que necesitas conocer.\" \/>\n<meta property=\"og:url\" content=\"https:\/\/iunneabogados.com\/index.php\/politica-de-cookies\/\" \/>\n<meta property=\"og:site_name\" content=\"iunne\" \/>\n<meta property=\"article:publisher\" content=\"https:\/\/www.facebook.com\/iunneabogados\/\" \/>\n<meta property=\"article:modified_time\" content=\"2024-04-08T17:47:32+00:00\" \/>\n<meta name=\"twitter:card\" content=\"summary_large_image\" \/>\n<meta name=\"twitter:site\" content=\"@AbogadosIunne\" \/>\n<meta name=\"twitter:label1\" content=\"Tiempo de lectura\" \/>\n\t<meta name=\"twitter:data1\" content=\"2 minutos\" \/>\n<script type=\"application\/ld+json\" class=\"yoast-schema-graph\">{\"@context\":\"https:\/\/schema.org\",\"@graph\":[{\"@type\":\"WebPage\",\"@id\":\"https:\/\/iunneabogados.com\/index.php\/politica-de-cookies\/\",\"url\":\"https:\/\/iunneabogados.com\/index.php\/politica-de-cookies\/\",\"name\":\"Pol\u00ed\u00adtica de cookies - iunne abogados Madrid\",\"isPartOf\":{\"@id\":\"https:\/\/iunneabogados.com\/#website\"},\"datePublished\":\"2019-12-27T01:59:38+00:00\",\"dateModified\":\"2024-04-08T17:47:32+00:00\",\"description\":\"iunne abogados informa acerca del uso de las cookies en su p\u00c3\u00a1gina web, tu privacidad nos importa y te ofrecemos la informaci\u00c3\u00b3n que necesitas conocer.\",\"breadcrumb\":{\"@id\":\"https:\/\/iunneabogados.com\/index.php\/politica-de-cookies\/#breadcrumb\"},\"inLanguage\":\"es\",\"potentialAction\":[{\"@type\":\"ReadAction\",\"target\":[\"https:\/\/iunneabogados.com\/index.php\/politica-de-cookies\/\"]}]},{\"@type\":\"BreadcrumbList\",\"@id\":\"https:\/\/iunneabogados.com\/index.php\/politica-de-cookies\/#breadcrumb\",\"itemListElement\":[{\"@type\":\"ListItem\",\"position\":1,\"name\":\"Portada\",\"item\":\"https:\/\/iunneabogados.com\/\"},{\"@type\":\"ListItem\",\"position\":2,\"name\":\"Pol\u00ed\u00adtica de cookies\"}]},{\"@type\":\"WebSite\",\"@id\":\"https:\/\/iunneabogados.com\/#website\",\"url\":\"https:\/\/iunneabogados.com\/\",\"name\":\"iunne\",\"description\":\"TRANQUILIDAD JUR\u00cdDICA\",\"publisher\":{\"@id\":\"https:\/\/iunneabogados.com\/#organization\"},\"potentialAction\":[{\"@type\":\"SearchAction\",\"target\":{\"@type\":\"EntryPoint\",\"urlTemplate\":\"https:\/\/iunneabogados.com\/?s={search_term_string}\"},\"query-input\":\"required name=search_term_string\"}],\"inLanguage\":\"es\"},{\"@type\":\"Organization\",\"@id\":\"https:\/\/iunneabogados.com\/#organization\",\"name\":\"iunne\",\"url\":\"https:\/\/iunneabogados.com\/\",\"logo\":{\"@type\":\"ImageObject\",\"inLanguage\":\"es\",\"@id\":\"https:\/\/iunneabogados.com\/#\/schema\/logo\/image\/\",\"url\":\"https:\/\/iunneabogados.com\/wp-content\/uploads\/2019\/12\/logo_iunne.png\",\"contentUrl\":\"https:\/\/iunneabogados.com\/wp-content\/uploads\/2019\/12\/logo_iunne.png\",\"width\":118,\"height\":119,\"caption\":\"iunne\"},\"image\":{\"@id\":\"https:\/\/iunneabogados.com\/#\/schema\/logo\/image\/\"},\"sameAs\":[\"https:\/\/www.facebook.com\/iunneabogados\/\",\"https:\/\/x.com\/AbogadosIunne\",\"https:\/\/www.instagram.com\/iunneabogados\/\",\"https:\/\/www.linkedin.com\/company\/iunne-abogados\/about\/\"]}]}<\/script>\n<!-- \/ Yoast SEO plugin. -->","yoast_head_json":{"title":"Pol\u00ed\u00adtica de cookies - iunne abogados Madrid","description":"iunne abogados informa acerca del uso de las cookies en su p\u00c3\u00a1gina web, tu privacidad nos importa y te ofrecemos la informaci\u00c3\u00b3n que necesitas conocer.","robots":{"index":"index","follow":"follow","max-snippet":"max-snippet:-1","max-image-preview":"max-image-preview:large","max-video-preview":"max-video-preview:-1"},"canonical":"https:\/\/iunneabogados.com\/index.php\/politica-de-cookies\/","og_locale":"es_ES","og_type":"article","og_title":"Pol\u00ed\u00adtica de cookies - iunne abogados Madrid","og_description":"iunne abogados informa acerca del uso de las cookies en su p\u00c3\u00a1gina web, tu privacidad nos importa y te ofrecemos la informaci\u00c3\u00b3n que necesitas conocer.","og_url":"https:\/\/iunneabogados.com\/index.php\/politica-de-cookies\/","og_site_name":"iunne","article_publisher":"https:\/\/www.facebook.com\/iunneabogados\/","article_modified_time":"2024-04-08T17:47:32+00:00","twitter_card":"summary_large_image","twitter_site":"@AbogadosIunne","twitter_misc":{"Tiempo de lectura":"2 minutos"},"schema":{"@context":"https:\/\/schema.org","@graph":[{"@type":"WebPage","@id":"https:\/\/iunneabogados.com\/index.php\/politica-de-cookies\/","url":"https:\/\/iunneabogados.com\/index.php\/politica-de-cookies\/","name":"Pol\u00ed\u00adtica de cookies - iunne abogados Madrid","isPartOf":{"@id":"https:\/\/iunneabogados.com\/#website"},"datePublished":"2019-12-27T01:59:38+00:00","dateModified":"2024-04-08T17:47:32+00:00","description":"iunne abogados informa acerca del uso de las cookies en su p\u00c3\u00a1gina web, tu privacidad nos importa y te ofrecemos la informaci\u00c3\u00b3n que necesitas conocer.","breadcrumb":{"@id":"https:\/\/iunneabogados.com\/index.php\/politica-de-cookies\/#breadcrumb"},"inLanguage":"es","potentialAction":[{"@type":"ReadAction","target":["https:\/\/iunneabogados.com\/index.php\/politica-de-cookies\/"]}]},{"@type":"BreadcrumbList","@id":"https:\/\/iunneabogados.com\/index.php\/politica-de-cookies\/#breadcrumb","itemListElement":[{"@type":"ListItem","position":1,"name":"Portada","item":"https:\/\/iunneabogados.com\/"},{"@type":"ListItem","position":2,"name":"Pol\u00ed\u00adtica de cookies"}]},{"@type":"WebSite","@id":"https:\/\/iunneabogados.com\/#website","url":"https:\/\/iunneabogados.com\/","name":"iunne","description":"TRANQUILIDAD JUR\u00cdDICA","publisher":{"@id":"https:\/\/iunneabogados.com\/#organization"},"potentialAction":[{"@type":"SearchAction","target":{"@type":"EntryPoint","urlTemplate":"https:\/\/iunneabogados.com\/?s={search_term_string}"},"query-input":"required name=search_term_string"}],"inLanguage":"es"},{"@type":"Organization","@id":"https:\/\/iunneabogados.com\/#organization","name":"iunne","url":"https:\/\/iunneabogados.com\/","logo":{"@type":"ImageObject","inLanguage":"es","@id":"https:\/\/iunneabogados.com\/#\/schema\/logo\/image\/","url":"https:\/\/iunneabogados.com\/wp-content\/uploads\/2019\/12\/logo_iunne.png","contentUrl":"https:\/\/iunneabogados.com\/wp-content\/uploads\/2019\/12\/logo_iunne.png","width":118,"height":119,"caption":"iunne"},"image":{"@id":"https:\/\/iunneabogados.com\/#\/schema\/logo\/image\/"},"sameAs":["https:\/\/www.facebook.com\/iunneabogados\/","https:\/\/x.com\/AbogadosIunne","https:\/\/www.instagram.com\/iunneabogados\/","https:\/\/www.linkedin.com\/company\/iunne-abogados\/about\/"]}]}},"_links":{"self":[{"href":"https:\/\/iunneabogados.com\/index.php\/wp-json\/wp\/v2\/pages\/135","targetHints":{"allow":["GET"]}}],"collection":[{"href":"https:\/\/iunneabogados.com\/index.php\/wp-json\/wp\/v2\/pages"}],"about":[{"href":"https:\/\/iunneabogados.com\/index.php\/wp-json\/wp\/v2\/types\/page"}],"author":[{"embeddable":true,"href":"https:\/\/iunneabogados.com\/index.php\/wp-json\/wp\/v2\/users\/1"}],"replies":[{"embeddable":true,"href":"https:\/\/iunneabogados.com\/index.php\/wp-json\/wp\/v2\/comments?post=135"}],"version-history":[{"count":5,"href":"https:\/\/iunneabogados.com\/index.php\/wp-json\/wp\/v2\/pages\/135\/revisions"}],"predecessor-version":[{"id":385,"href":"https:\/\/iunneabogados.com\/index.php\/wp-json\/wp\/v2\/pages\/135\/revisions\/385"}],"wp:attachment":[{"href":"https:\/\/iunneabogados.com\/index.php\/wp-json\/wp\/v2\/media?parent=135"}],"curies":[{"name":"wp","href":"https:\/\/api.w.org\/{rel}","templated":true}]}}